{"id":21,"date":"2023-05-09T21:57:24","date_gmt":"2023-05-09T19:57:24","guid":{"rendered":"http:\/\/propeller-sport.pl\/?page_id=21"},"modified":"2026-01-02T23:15:20","modified_gmt":"2026-01-02T22:15:20","slug":"o-nas","status":"publish","type":"page","link":"http:\/\/propeller-sport.pl\/index.php\/o-nas\/","title":{"rendered":"O NAS"},"content":{"rendered":"\n<p>Propeller-Sport to miejsce, w kt\u00f3rym sport staje si\u0119 narz\u0119dziem rozwoju \u2013 fizycznego, mentalnego i charakterologicznego. Od lat zajmujemy si\u0119 szkoleniem sportowym dzieci, m\u0142odzie\u017cy i doros\u0142ych, ze szczeg\u00f3lnym naciskiem na karate oraz wszechstronny rozw\u00f3j sprawno\u015bci ruchowej.<\/p>\n\n\n\n<p>Nasz\u0105 misj\u0105 jest budowanie silnych, zdrowych i pewnych siebie os\u00f3b, niezale\u017cnie od wieku czy poziomu zaawansowania. Wierzymy, \u017ce sport uczy nie tylko techniki i kondycji, ale tak\u017ce dyscypliny, szacunku, systematyczno\u015bci i odpowiedzialno\u015bci.<\/p>\n\n\n\n<p>Treningi w Propeller-Sport prowadzone s\u0105 przez wykwalifikowanych instruktor\u00f3w, kt\u00f3rzy \u0142\u0105cz\u0105 wiedz\u0119 sportow\u0105 z do\u015bwiadczeniem pracy wychowawczej. Ka\u017cde zaj\u0119cia s\u0105 dopasowane do wieku i mo\u017cliwo\u015bci uczestnik\u00f3w, tak aby trening by\u0142 bezpieczny, skuteczny i motywuj\u0105cy.<\/p>\n\n\n\n<p>Tworzymy \u015brodowisko, w kt\u00f3rym:<\/p>\n\n\n\n<ul class=\"wp-block-list\">\n<li>dzieci ucz\u0105 si\u0119 podstaw ruchu i wsp\u00f3\u0142pracy,<\/li>\n\n\n\n<li>m\u0142odzie\u017c rozwija charakter i samodyscyplin\u0119,<\/li>\n\n\n\n<li>doro\u015bli dbaj\u0105 o form\u0119, zdrowie i r\u00f3wnowag\u0119.<\/li>\n<\/ul>\n\n\n\n<p>Propeller-Sport to nie tylko treningi \u2014 to spo\u0142eczno\u015b\u0107, w kt\u00f3rej licz\u0105 si\u0119 relacje, wsp\u00f3lne cele i pozytywna atmosfera. Stawiamy na d\u0142ugofalowy rozw\u00f3j, a nie szybkie efekty.<\/p>\n\n\n\n<p>Zapraszamy wszystkich, kt\u00f3rzy chc\u0105 aktywnie zadba\u0107 o swoje cia\u0142o i umys\u0142 \u2014 bez wzgl\u0119du na wiek i do\u015bwiadczenie.<\/p>\n\n\n\n<p><\/p>\n","protected":false},"excerpt":{"rendered":"<p>Propeller-Sport to miejsce, w kt\u00f3rym sport staje si\u0119 narz\u0119dziem rozwoju \u2013 fizycznego, mentalnego i charakterologicznego. Od lat zajmujemy si\u0119 szkoleniem sportowym dzieci, m\u0142odzie\u017cy i doros\u0142ych, ze szczeg\u00f3lnym naciskiem na karate oraz wszechstronny rozw\u00f3j sprawno\u015bci ruchowej. Nasz\u0105 misj\u0105 jest budowanie silnych, zdrowych i pewnych siebie os\u00f3b, niezale\u017cnie od wieku czy poziomu [&hellip;]<\/p>\n","protected":false},"author":1,"featured_media":0,"parent":0,"menu_order":0,"comment_status":"closed","ping_status":"closed","template":"","meta":{"om_disable_all_campaigns":false,"_monsterinsights_skip_tracking":false,"_monsterinsights_sitenote_active":false,"_monsterinsights_sitenote_note":"","_monsterinsights_sitenote_category":0,"footnotes":""},"class_list":["post-21","page","type-page","status-publish","hentry"],"aioseo_notices":[],"_links":{"self":[{"href":"http:\/\/propeller-sport.pl\/index.php\/wp-json\/wp\/v2\/pages\/21","targetHints":{"allow":["GET"]}}],"collection":[{"href":"http:\/\/propeller-sport.pl\/index.php\/wp-json\/wp\/v2\/pages"}],"about":[{"href":"http:\/\/propeller-sport.pl\/index.php\/wp-json\/wp\/v2\/types\/page"}],"author":[{"embeddable":true,"href":"http:\/\/propeller-sport.pl\/index.php\/wp-json\/wp\/v2\/users\/1"}],"replies":[{"embeddable":true,"href":"http:\/\/propeller-sport.pl\/index.php\/wp-json\/wp\/v2\/comments?post=21"}],"version-history":[{"count":4,"href":"http:\/\/propeller-sport.pl\/index.php\/wp-json\/wp\/v2\/pages\/21\/revisions"}],"predecessor-version":[{"id":206,"href":"http:\/\/propeller-sport.pl\/index.php\/wp-json\/wp\/v2\/pages\/21\/revisions\/206"}],"wp:attachment":[{"href":"http:\/\/propeller-sport.pl\/index.php\/wp-json\/wp\/v2\/media?parent=21"}],"curies":[{"name":"wp","href":"https:\/\/api.w.org\/{rel}","templated":true}]}}