{"id":92,"date":"2023-09-02T18:15:50","date_gmt":"2023-09-02T16:15:50","guid":{"rendered":"https:\/\/propeller-sport.pl\/?page_id=92"},"modified":"2023-09-02T18:15:50","modified_gmt":"2023-09-02T16:15:50","slug":"trenuj-karate-olimpijskie-zgloszenie","status":"publish","type":"page","link":"https:\/\/propeller-sport.pl\/index.php\/trenuj-karate-olimpijskie-zgloszenie\/","title":{"rendered":"Trenuj karate olimpijskie &#8211; zg\u0142oszenie"},"content":{"rendered":"<div class=\"wpforms-container wpforms-container-full wpforms-block wpforms-block-b10b0f47-7d6a-4329-b6a9-73052357bec7\" id=\"wpforms-88\"><form id=\"wpforms-form-88\" class=\"wpforms-validate wpforms-form wpforms-ajax-form\" data-formid=\"88\" method=\"post\" enctype=\"multipart\/form-data\" action=\"\/index.php\/wp-json\/wp\/v2\/pages\/92\" data-token=\"48fcde17dfcf50b4f080e4e900568554\" data-token-time=\"1778780660\"><noscript class=\"wpforms-error-noscript\">Aby wype\u0142ni\u0107 ten formularz, w\u0142\u0105cz obs\u0142ug\u0119 JavaScript w przegl\u0105darce.<\/noscript><div class=\"wpforms-field-container\"><div id=\"wpforms-88-field_0-container\" class=\"wpforms-field wpforms-field-name\" data-field-id=\"0\"><label class=\"wpforms-field-label\">Imi\u0119 i nazwisko dziecka  <span class=\"wpforms-required-label\">*<\/span><\/label><div class=\"wpforms-field-row wpforms-field-large\"><div class=\"wpforms-field-row-block wpforms-first wpforms-one-half\"><input type=\"text\" id=\"wpforms-88-field_0\" class=\"wpforms-field-name-first wpforms-field-required\" name=\"wpforms[fields][0][first]\" required><label for=\"wpforms-88-field_0\" class=\"wpforms-field-sublabel after\">Pierwszy<\/label><\/div><div class=\"wpforms-field-row-block wpforms-one-half\"><input type=\"text\" id=\"wpforms-88-field_0-last\" class=\"wpforms-field-name-last wpforms-field-required\" name=\"wpforms[fields][0][last]\" required><label for=\"wpforms-88-field_0-last\" class=\"wpforms-field-sublabel after\">Ostatni<\/label><\/div><\/div><\/div><div id=\"wpforms-88-field_16-container\" class=\"wpforms-field wpforms-field-text\" data-field-id=\"16\"><label class=\"wpforms-field-label\" for=\"wpforms-88-field_16\">Data urodzin dziecka <span class=\"wpforms-required-label\">*<\/span><\/label><input type=\"text\" id=\"wpforms-88-field_16\" class=\"wpforms-field-medium wpforms-field-required\" name=\"wpforms[fields][16]\" placeholder=\"MM\/DD\/YYYY\" required><\/div><div id=\"wpforms-88-field_12-container\" class=\"wpforms-field wpforms-field-name\" data-field-id=\"12\"><label class=\"wpforms-field-label\">Imi\u0119 i nazwisko rodzica\/opiekuna dziecka <span class=\"wpforms-required-label\">*<\/span><\/label><div class=\"wpforms-field-row wpforms-field-large\"><div class=\"wpforms-field-row-block wpforms-first wpforms-one-half\"><input type=\"text\" id=\"wpforms-88-field_12\" class=\"wpforms-field-name-first wpforms-field-required\" name=\"wpforms[fields][12][first]\" required><label for=\"wpforms-88-field_12\" class=\"wpforms-field-sublabel after\">Pierwszy<\/label><\/div><div class=\"wpforms-field-row-block wpforms-one-half\"><input type=\"text\" id=\"wpforms-88-field_12-last\" class=\"wpforms-field-name-last wpforms-field-required\" name=\"wpforms[fields][12][last]\" required><label for=\"wpforms-88-field_12-last\" class=\"wpforms-field-sublabel after\">Ostatni<\/label><\/div><\/div><\/div><div id=\"wpforms-88-field_1-container\" class=\"wpforms-field wpforms-field-email\" data-field-id=\"1\"><label class=\"wpforms-field-label\" for=\"wpforms-88-field_1\">Adres e-mail rodzica\/opiekuna dziecka<\/label><input type=\"email\" id=\"wpforms-88-field_1\" class=\"wpforms-field-large\" name=\"wpforms[fields][1]\" spellcheck=\"false\" ><\/div><div id=\"wpforms-88-field_17-container\" class=\"wpforms-field wpforms-field-text\" data-field-id=\"17\"><label class=\"wpforms-field-label\" for=\"wpforms-88-field_17\">Nr telefonu do rodzica\/opiekuna dziecka <span class=\"wpforms-required-label\">*<\/span><\/label><input type=\"text\" id=\"wpforms-88-field_17\" class=\"wpforms-field-large wpforms-field-required\" name=\"wpforms[fields][17]\" required><\/div><div id=\"wpforms-88-field_20-container\" class=\"wpforms-field wpforms-field-radio\" data-field-id=\"20\"><label class=\"wpforms-field-label\">Prosz\u0119 zapia\u0107 dziecko na zaj\u0119cia w grupie: <span class=\"wpforms-required-label\">*<\/span><\/label><ul id=\"wpforms-88-field_20\" class=\"wpforms-field-required\"><li class=\"choice-1 depth-1\"><input type=\"radio\" id=\"wpforms-88-field_20_1\" name=\"wpforms[fields][20]\" value=\"przedszkolnej - ul. Dolna 16 (Jaroty)\" required ><label class=\"wpforms-field-label-inline\" for=\"wpforms-88-field_20_1\">przedszkolnej &#8211; ul. Dolna 16 (Jaroty)<\/label><\/li><li class=\"choice-5 depth-1\"><input type=\"radio\" id=\"wpforms-88-field_20_5\" name=\"wpforms[fields][20]\" value=\"szkolnej - ul. Dolna 16 (Jaroty)\" required ><label class=\"wpforms-field-label-inline\" for=\"wpforms-88-field_20_5\">szkolnej &#8211; ul. Dolna 16 (Jaroty)<\/label><\/li><li class=\"choice-4 depth-1\"><input type=\"radio\" id=\"wpforms-88-field_20_4\" name=\"wpforms[fields][20]\" value=\"szkolnej - SP 29 ul. J .Iwaszkiewicza 44\" required ><label class=\"wpforms-field-label-inline\" for=\"wpforms-88-field_20_4\">szkolnej &#8211; SP 29 ul. J .Iwaszkiewicza 44<\/label><\/li><\/ul><\/div><div id=\"wpforms-88-field_21-container\" class=\"wpforms-field wpforms-field-gdpr-checkbox\" data-field-id=\"21\"><label class=\"wpforms-field-label\">Zgoda RODO <span class=\"wpforms-required-label\">*<\/span><\/label><ul id=\"wpforms-88-field_21\" class=\"wpforms-field-required\"><li class=\"choice-1\"><input type=\"checkbox\" id=\"wpforms-88-field_21_1\" name=\"wpforms[fields][21][]\" value=\"Zgadzam si\u0119 na przechowywanie przes\u0142anych przeze mnie informacji w tej witrynie internetowej do cel\u00f3w rekrutacji na zaj\u0119cia karate\" required ><label class=\"wpforms-field-label-inline\" for=\"wpforms-88-field_21_1\">Zgadzam si\u0119 na przechowywanie przes\u0142anych przeze mnie informacji w tej witrynie internetowej do cel\u00f3w rekrutacji na zaj\u0119cia karate<\/label><\/li><\/ul><\/div><\/div><!-- .wpforms-field-container --><div class=\"wpforms-recaptcha-container wpforms-is-hcaptcha\" ><div class=\"h-captcha\" data-sitekey=\"19c4ea2f-33b8-4975-a69b-f8910c1b91e9\"><\/div><input type=\"text\" name=\"g-recaptcha-hidden\" class=\"wpforms-recaptcha-hidden\" style=\"position:absolute!important;clip:rect(0,0,0,0)!important;height:1px!important;width:1px!important;border:0!important;overflow:hidden!important;padding:0!important;margin:0!important;\" data-rule-hcaptcha=\"1\"><\/div><div class=\"wpforms-submit-container\" ><input type=\"hidden\" name=\"wpforms[id]\" value=\"88\"><input type=\"hidden\" name=\"page_title\" value=\"\"><input type=\"hidden\" name=\"page_url\" value=\"https:\/\/propeller-sport.pl\/index.php\/wp-json\/wp\/v2\/pages\/92\"><input type=\"hidden\" name=\"url_referer\" value=\"\"><button type=\"submit\" name=\"wpforms[submit]\" id=\"wpforms-submit-88\" class=\"wpforms-submit\" data-alt-text=\"Wysy\u0142anie...\" data-submit-text=\"WY\u015aLIJ\" aria-live=\"assertive\" value=\"wpforms-submit\">WY\u015aLIJ<\/button><img loading=\"lazy\" decoding=\"async\" src=\"https:\/\/propeller-sport.pl\/wp-content\/plugins\/wpforms-lite\/assets\/images\/submit-spin.svg\" class=\"wpforms-submit-spinner\" style=\"display: none;\" width=\"26\" height=\"26\" alt=\"Wczytywanie\"><\/div><\/form><\/div>  <!-- .wpforms-container -->","protected":false},"excerpt":{"rendered":"","protected":false},"author":1,"featured_media":0,"parent":0,"menu_order":0,"comment_status":"closed","ping_status":"closed","template":"","meta":{"om_disable_all_campaigns":false,"_monsterinsights_skip_tracking":false,"_monsterinsights_sitenote_active":false,"_monsterinsights_sitenote_note":"","_monsterinsights_sitenote_category":0,"footnotes":""},"class_list":["post-92","page","type-page","status-publish","hentry"],"aioseo_notices":[],"_links":{"self":[{"href":"https:\/\/propeller-sport.pl\/index.php\/wp-json\/wp\/v2\/pages\/92","targetHints":{"allow":["GET"]}}],"collection":[{"href":"https:\/\/propeller-sport.pl\/index.php\/wp-json\/wp\/v2\/pages"}],"about":[{"href":"https:\/\/propeller-sport.pl\/index.php\/wp-json\/wp\/v2\/types\/page"}],"author":[{"embeddable":true,"href":"https:\/\/propeller-sport.pl\/index.php\/wp-json\/wp\/v2\/users\/1"}],"replies":[{"embeddable":true,"href":"https:\/\/propeller-sport.pl\/index.php\/wp-json\/wp\/v2\/comments?post=92"}],"version-history":[{"count":1,"href":"https:\/\/propeller-sport.pl\/index.php\/wp-json\/wp\/v2\/pages\/92\/revisions"}],"predecessor-version":[{"id":94,"href":"https:\/\/propeller-sport.pl\/index.php\/wp-json\/wp\/v2\/pages\/92\/revisions\/94"}],"wp:attachment":[{"href":"https:\/\/propeller-sport.pl\/index.php\/wp-json\/wp\/v2\/media?parent=92"}],"curies":[{"name":"wp","href":"https:\/\/api.w.org\/{rel}","templated":true}]}}